{"id":563,"date":"2016-08-22T00:37:01","date_gmt":"2016-08-22T00:37:01","guid":{"rendered":"https:\/\/oceanwp.org\/simple\/?page_id=21"},"modified":"2021-12-11T15:44:35","modified_gmt":"2021-12-11T14:44:35","slug":"contact","status":"publish","type":"page","link":"https:\/\/perlesdeseldelacassal.fr\/index.php\/contact\/","title":{"rendered":"Contact"},"content":{"rendered":"\t\t<div data-elementor-type=\"wp-post\" data-elementor-id=\"563\" class=\"elementor elementor-563\" data-elementor-post-type=\"page\">\n\t\t\t\t\t\t<section data-particle_enable=\"false\" data-particle-mobile-disabled=\"false\" class=\"elementor-section elementor-top-section elementor-element elementor-element-3573132 elementor-section-boxed elementor-section-height-default elementor-section-height-default\" data-id=\"3573132\" data-element_type=\"section\" data-e-type=\"section\" data-settings=\"{&quot;background_background&quot;:&quot;classic&quot;}\">\n\t\t\t\t\t\t<div class=\"elementor-container elementor-column-gap-default\">\n\t\t\t\t\t<div class=\"elementor-column elementor-col-100 elementor-top-column elementor-element elementor-element-85d6b59\" data-id=\"85d6b59\" data-element_type=\"column\" data-e-type=\"column\">\n\t\t\t<div class=\"elementor-widget-wrap elementor-element-populated\">\n\t\t\t\t\t\t<div class=\"elementor-element elementor-element-b408ae6 no-margin elementor-widget elementor-widget-heading\" data-id=\"b408ae6\" data-element_type=\"widget\" data-e-type=\"widget\" data-widget_type=\"heading.default\">\n\t\t\t\t<div class=\"elementor-widget-container\">\n\t\t\t\t\t<h2 class=\"elementor-heading-title elementor-size-default\">Des questions ?<\/h2>\t\t\t\t<\/div>\n\t\t\t\t<\/div>\n\t\t\t\t<div class=\"elementor-element elementor-element-812b5f2 elementor-widget elementor-widget-text-editor\" data-id=\"812b5f2\" data-element_type=\"widget\" data-e-type=\"widget\" data-widget_type=\"text-editor.default\">\n\t\t\t\t<div class=\"elementor-widget-container\">\n\t\t\t\t\t\t\t\t\t<div class=\"elementor-element elementor-element-34f50ee4 elementor-widget elementor-widget-text-editor\" data-id=\"34f50ee4\" data-element_type=\"widget\" data-widget_type=\"text-editor.default\"><div class=\"elementor-widget-container\"><p>Besoin d\u2019informations, de conseils, une question, alors contactez-nous.<\/p><\/div><\/div>\t\t\t\t\t\t\t\t<\/div>\n\t\t\t\t<\/div>\n\t\t\t\t<div class=\"elementor-element elementor-element-7b539b6 elementor-widget elementor-widget-oew-wpforms\" data-id=\"7b539b6\" data-element_type=\"widget\" data-e-type=\"widget\" data-widget_type=\"oew-wpforms.default\">\n\t\t\t\t<div class=\"elementor-widget-container\">\n\t\t\t\t\t<div class=\"wpforms-container wpforms-container-full\" id=\"wpforms-1245\"><form id=\"wpforms-form-1245\" class=\"wpforms-validate wpforms-form wpforms-ajax-form\" data-formid=\"1245\" method=\"post\" enctype=\"multipart\/form-data\" action=\"\/index.php\/contact\/\" data-token=\"0e93dcf94104d5e92d4d5e7a3ce49795\" data-token-time=\"1778669713\"><noscript class=\"wpforms-error-noscript\">Veuillez activer JavaScript dans votre navigateur pour remplir ce formulaire.<\/noscript><div class=\"wpforms-field-container\"><div id=\"wpforms-1245-field_0-container\" class=\"wpforms-field wpforms-field-name\" data-field-id=\"0\"><label class=\"wpforms-field-label\">Vos pr\u00e9nom et nom (requis) <span class=\"wpforms-required-label\">*<\/span><\/label><div class=\"wpforms-field-row wpforms-field-medium\"><div class=\"wpforms-field-row-block wpforms-first wpforms-one-half\"><input type=\"text\" id=\"wpforms-1245-field_0\" class=\"wpforms-field-name-first wpforms-field-required\" name=\"wpforms[fields][0][first]\" required><label for=\"wpforms-1245-field_0\" class=\"wpforms-field-sublabel after\">Pr\u00e9nom<\/label><\/div><div class=\"wpforms-field-row-block wpforms-one-half\"><input type=\"text\" id=\"wpforms-1245-field_0-last\" class=\"wpforms-field-name-last wpforms-field-required\" name=\"wpforms[fields][0][last]\" required><label for=\"wpforms-1245-field_0-last\" class=\"wpforms-field-sublabel after\">Nom<\/label><\/div><\/div><\/div><div id=\"wpforms-1245-field_1-container\" class=\"wpforms-field wpforms-field-email\" data-field-id=\"1\"><label class=\"wpforms-field-label\" for=\"wpforms-1245-field_1\">Votre email (requis) <span class=\"wpforms-required-label\">*<\/span><\/label><input type=\"email\" id=\"wpforms-1245-field_1\" class=\"wpforms-field-medium wpforms-field-required\" name=\"wpforms[fields][1]\" spellcheck=\"false\" required><\/div><div id=\"wpforms-1245-field_4-container\" class=\"wpforms-field wpforms-field-number\" data-field-id=\"4\"><label class=\"wpforms-field-label\" for=\"wpforms-1245-field_4\">Votre t\u00e9l\u00e9phone (requis)<\/label><input type=\"number\" id=\"wpforms-1245-field_4\" class=\"wpforms-field-medium\" name=\"wpforms[fields][4]\" step=\"any\" ><\/div><div id=\"wpforms-1245-field_5-container\" class=\"wpforms-field wpforms-field-text\" data-field-id=\"5\"><label class=\"wpforms-field-label\" for=\"wpforms-1245-field_5\">Objet du message <span class=\"wpforms-required-label\">*<\/span><\/label><input type=\"text\" id=\"wpforms-1245-field_5\" class=\"wpforms-field-medium wpforms-field-required\" name=\"wpforms[fields][5]\" required><\/div><div id=\"wpforms-1245-field_2-container\" class=\"wpforms-field wpforms-field-textarea\" data-field-id=\"2\"><label class=\"wpforms-field-label\" for=\"wpforms-1245-field_2\">Votre message <span class=\"wpforms-required-label\">*<\/span><\/label><textarea id=\"wpforms-1245-field_2\" class=\"wpforms-field-medium wpforms-field-required\" name=\"wpforms[fields][2]\" required><\/textarea><\/div><div id=\"wpforms-1245-field_6-container\" class=\"wpforms-field wpforms-field-checkbox\" data-field-id=\"6\"><label class=\"wpforms-field-label\">J&#039;accepte les RGPD et je coche les cases ci-dessous : <span class=\"wpforms-required-label\">*<\/span><\/label><ul id=\"wpforms-1245-field_6\" class=\"wpforms-field-required\"><li class=\"choice-1 depth-1\"><input type=\"checkbox\" id=\"wpforms-1245-field_6_1\" name=\"wpforms[fields][6][]\" value=\"J&#039;accepte que mon adresse email soit stock\u00e9e pour apporter une r\u00e9ponse\" required ><label class=\"wpforms-field-label-inline\" for=\"wpforms-1245-field_6_1\">J'accepte que mon adresse email soit stock\u00e9e pour apporter une r\u00e9ponse<\/label><\/li><li class=\"choice-2 depth-1\"><input type=\"checkbox\" id=\"wpforms-1245-field_6_2\" name=\"wpforms[fields][6][]\" value=\"J\u2019ai lu et accepte la politique de confidentialit\u00e9 de ce site\" required ><label class=\"wpforms-field-label-inline\" for=\"wpforms-1245-field_6_2\">J\u2019ai lu et accepte la politique de confidentialit\u00e9 de ce site<\/label><\/li><\/ul><\/div><\/div><!-- .wpforms-field-container --><div class=\"wpforms-submit-container\" ><input type=\"hidden\" name=\"wpforms[id]\" value=\"1245\"><input type=\"hidden\" name=\"page_title\" value=\"Contact\"><input type=\"hidden\" name=\"page_url\" value=\"https:\/\/perlesdeseldelacassal.fr\/index.php\/contact\/\"><input type=\"hidden\" name=\"url_referer\" value=\"\"><input type=\"hidden\" name=\"page_id\" value=\"563\"><input type=\"hidden\" name=\"wpforms[post_id]\" value=\"563\"><button type=\"submit\" name=\"wpforms[submit]\" id=\"wpforms-submit-1245\" class=\"wpforms-submit\" data-alt-text=\"En cours d&#039;envoi...\" data-submit-text=\"Envoyer\" aria-live=\"assertive\" value=\"wpforms-submit\">Envoyer<\/button><img decoding=\"async\" src=\"https:\/\/perlesdeseldelacassal.fr\/wp-content\/plugins\/wpforms-lite\/assets\/images\/submit-spin.svg\" class=\"wpforms-submit-spinner\" style=\"display: none;\" width=\"26\" height=\"26\" alt=\"Chargement en cours\"><\/div><\/form><\/div>  <!-- .wpforms-container -->\t\t\t\t<\/div>\n\t\t\t\t<\/div>\n\t\t\t\t\t<\/div>\n\t\t<\/div>\n\t\t\t\t\t<\/div>\n\t\t<\/section>\n\t\t\t\t<section data-particle_enable=\"false\" data-particle-mobile-disabled=\"false\" class=\"elementor-section elementor-top-section elementor-element elementor-element-d82a880 elementor-section-full_width elementor-section-content-middle elementor-section-height-default elementor-section-height-default\" data-id=\"d82a880\" data-element_type=\"section\" data-e-type=\"section\">\n\t\t\t\t\t\t<div class=\"elementor-container elementor-column-gap-no\">\n\t\t\t\t\t<div class=\"elementor-column elementor-col-50 elementor-top-column elementor-element elementor-element-b1f4f2f\" data-id=\"b1f4f2f\" data-element_type=\"column\" data-e-type=\"column\">\n\t\t\t<div class=\"elementor-widget-wrap elementor-element-populated\">\n\t\t\t\t\t\t<div class=\"elementor-element elementor-element-3f98349 elementor-widget elementor-widget-google_maps\" data-id=\"3f98349\" data-element_type=\"widget\" data-e-type=\"widget\" data-widget_type=\"google_maps.default\">\n\t\t\t\t<div class=\"elementor-widget-container\">\n\t\t\t\t\t\t\t<div class=\"elementor-custom-embed\">\n\t\t\t<iframe loading=\"lazy\"\n\t\t\t\t\tsrc=\"https:\/\/maps.google.com\/maps?q=venerque&#038;t=m&#038;z=10&#038;output=embed&#038;iwloc=near\"\n\t\t\t\t\ttitle=\"venerque\"\n\t\t\t\t\taria-label=\"venerque\"\n\t\t\t><\/iframe>\n\t\t<\/div>\n\t\t\t\t\t\t<\/div>\n\t\t\t\t<\/div>\n\t\t\t\t\t<\/div>\n\t\t<\/div>\n\t\t\t\t<div class=\"elementor-column elementor-col-50 elementor-top-column elementor-element elementor-element-5d0331b\" data-id=\"5d0331b\" data-element_type=\"column\" data-e-type=\"column\">\n\t\t\t<div class=\"elementor-widget-wrap elementor-element-populated\">\n\t\t\t\t\t\t<div class=\"elementor-element elementor-element-8f05916 no-margin elementor-widget elementor-widget-heading\" data-id=\"8f05916\" data-element_type=\"widget\" data-e-type=\"widget\" data-widget_type=\"heading.default\">\n\t\t\t\t<div class=\"elementor-widget-container\">\n\t\t\t\t\t<h2 class=\"elementor-heading-title elementor-size-default\">Au plaisir de vous renseigner<\/h2>\t\t\t\t<\/div>\n\t\t\t\t<\/div>\n\t\t\t\t<div class=\"elementor-element elementor-element-5d3d091 elementor-widget elementor-widget-text-editor\" data-id=\"5d3d091\" data-element_type=\"widget\" data-e-type=\"widget\" data-widget_type=\"text-editor.default\">\n\t\t\t\t<div class=\"elementor-widget-container\">\n\t\t\t\t\t\t\t\t\t<p>L&rsquo;\u00e9quipe des Perles de Sel du Lac Assal est \u00e0 votre disposition pour vous renseigner par t\u00e9l\u00e9phone, par email et par sms.<\/p>\t\t\t\t\t\t\t\t<\/div>\n\t\t\t\t<\/div>\n\t\t\t\t<div class=\"elementor-element elementor-element-5a78467 elementor-position-inline-start elementor-view-default elementor-mobile-position-block-start elementor-widget elementor-widget-icon-box\" data-id=\"5a78467\" data-element_type=\"widget\" data-e-type=\"widget\" data-widget_type=\"icon-box.default\">\n\t\t\t\t<div class=\"elementor-widget-container\">\n\t\t\t\t\t\t\t<div class=\"elementor-icon-box-wrapper\">\n\n\t\t\t\t\t\t<div class=\"elementor-icon-box-icon\">\n\t\t\t\t<span  class=\"elementor-icon\">\n\t\t\t\t<svg xmlns=\"http:\/\/www.w3.org\/2000\/svg\" height=\"512\" viewBox=\"0 0 128 128\" width=\"512\"><g><path d=\"m80.229 82.863c.231-.376.462-.745.693-1.128 10.389-17.2 15.617-32.246 15.542-44.715a32.464 32.464 0 0 0 -64.927-.011c-.076 12.48 5.153 27.528 15.542 44.726.231.383.462.752.693 1.128-21.872 2.703-36.372 10.52-36.372 19.801 0 11.652 23.1 20.779 52.6 20.779s52.6-9.127 52.6-20.779c0-9.281-14.5-17.098-36.371-19.801zm-45.192-45.843a28.964 28.964 0 1 1 57.927.011c.15 24.858-23.09 55.517-28.964 62.869-5.874-7.352-29.115-38.012-28.963-62.88zm28.963 82.923c-29.371 0-49.1-8.935-49.1-17.279 0-7.4 14.629-14.285 34.934-16.518a185.3 185.3 0 0 0 12.833 17.654 1.748 1.748 0 0 0 2.666 0 185.3 185.3 0 0 0 12.834-17.654c20.3 2.233 34.934 9.114 34.934 16.518-.001 8.344-19.73 17.279-49.101 17.279z\"><\/path><path d=\"m49.692 109.807c-7.766-.994-14-2.744-17.548-4.925a1.75 1.75 0 1 0 -1.833 2.981c3.963 2.436 10.689 4.36 18.937 5.415a1.7 1.7 0 0 0 .224.014 1.75 1.75 0 0 0 .22-3.485z\"><\/path><path d=\"m66.939 110.643c-2.439.056-4.979.043-7.458-.048a1.75 1.75 0 1 0 -.129 3.5c1.538.056 3.1.085 4.648.085q1.527 0 3.021-.036a1.75 1.75 0 0 0 1.709-1.79 1.73 1.73 0 0 0 -1.791-1.711z\"><\/path><path d=\"m78.777 37.02a14.778 14.778 0 1 0 -14.777 14.78 14.795 14.795 0 0 0 14.777-14.78zm-26.055 0a11.278 11.278 0 1 1 11.278 11.28 11.29 11.29 0 0 1 -11.278-11.28z\"><\/path><\/g><\/svg>\t\t\t\t<\/span>\n\t\t\t<\/div>\n\t\t\t\n\t\t\t\t\t\t<div class=\"elementor-icon-box-content\">\n\n\t\t\t\t\t\t\t\t\t<h3 class=\"elementor-icon-box-title\">\n\t\t\t\t\t\t<span  >\n\t\t\t\t\t\t\tAdresse\t\t\t\t\t\t<\/span>\n\t\t\t\t\t<\/h3>\n\t\t\t\t\n\t\t\t\t\t\t\t\t\t<p class=\"elementor-icon-box-description\">\n\t\t\t\t\t\t1964 Route de Narbonne\n- 31810 Venerque\t\t\t\t\t<\/p>\n\t\t\t\t\n\t\t\t<\/div>\n\t\t\t\n\t\t<\/div>\n\t\t\t\t\t\t<\/div>\n\t\t\t\t<\/div>\n\t\t\t\t<div class=\"elementor-element elementor-element-9bf5ffe elementor-position-inline-start elementor-view-default elementor-mobile-position-block-start elementor-widget elementor-widget-icon-box\" data-id=\"9bf5ffe\" data-element_type=\"widget\" data-e-type=\"widget\" data-widget_type=\"icon-box.default\">\n\t\t\t\t<div class=\"elementor-widget-container\">\n\t\t\t\t\t\t\t<div class=\"elementor-icon-box-wrapper\">\n\n\t\t\t\t\t\t<div class=\"elementor-icon-box-icon\">\n\t\t\t\t<span  class=\"elementor-icon\">\n\t\t\t\t<svg xmlns=\"http:\/\/www.w3.org\/2000\/svg\" xmlns:xlink=\"http:\/\/www.w3.org\/1999\/xlink\" id=\"Capa_1\" x=\"0px\" y=\"0px\" viewBox=\"0 0 512 512\" style=\"enable-background:new 0 0 512 512;\" xml:space=\"preserve\"><g>\t<g>\t\t<path d=\"M366,0H146c-20.678,0-37.5,16.822-37.5,37.5v437c0,20.678,16.822,37.5,37.5,37.5h220c20.678,0,37.5-16.822,37.5-37.5v-437    C403.5,16.822,386.678,0,366,0z M388.5,407H176c-4.142,0-7.5,3.358-7.5,7.5c0,4.142,3.358,7.5,7.5,7.5h212.5v52.5    c0,12.407-10.093,22.5-22.5,22.5H146c-12.407,0-22.5-10.093-22.5-22.5V422H146c4.142,0,7.5-3.358,7.5-7.5    c0-4.142-3.358-7.5-7.5-7.5h-22.5V75h265V407z M388.5,60h-265V37.5c0-12.407,10.093-22.5,22.5-22.5h220    c12.407,0,22.5,10.093,22.5,22.5V60z\"><\/path>\t<\/g><\/g><g>\t<g>\t\t<path d=\"M286,30h-30c-4.142,0-7.5,3.358-7.5,7.5c0,4.142,3.358,7.5,7.5,7.5h30c4.142,0,7.5-3.358,7.5-7.5    C293.5,33.358,290.142,30,286,30z\"><\/path>\t<\/g><\/g><g>\t<g>\t\t<path d=\"M256,437c-12.407,0-22.5,10.093-22.5,22.5c0,12.407,10.093,22.5,22.5,22.5s22.5-10.093,22.5-22.5    C278.5,447.093,268.407,437,256,437z M256,467c-4.136,0-7.5-3.364-7.5-7.5s3.364-7.5,7.5-7.5s7.5,3.364,7.5,7.5    S260.136,467,256,467z\"><\/path>\t<\/g><\/g><g>\t<g>\t\t<circle cx=\"226\" cy=\"37.5\" r=\"7.5\"><\/circle>\t<\/g><\/g><g><\/g><g><\/g><g><\/g><g><\/g><g><\/g><g><\/g><g><\/g><g><\/g><g><\/g><g><\/g><g><\/g><g><\/g><g><\/g><g><\/g><g><\/g><\/svg>\t\t\t\t<\/span>\n\t\t\t<\/div>\n\t\t\t\n\t\t\t\t\t\t<div class=\"elementor-icon-box-content\">\n\n\t\t\t\t\t\t\t\t\t<h3 class=\"elementor-icon-box-title\">\n\t\t\t\t\t\t<span  >\n\t\t\t\t\t\t\tPortable\t\t\t\t\t\t<\/span>\n\t\t\t\t\t<\/h3>\n\t\t\t\t\n\t\t\t\t\t\t\t\t\t<p class=\"elementor-icon-box-description\">\n\t\t\t\t\t\t+33 6 47 92 12 58\t\t\t\t\t<\/p>\n\t\t\t\t\n\t\t\t<\/div>\n\t\t\t\n\t\t<\/div>\n\t\t\t\t\t\t<\/div>\n\t\t\t\t<\/div>\n\t\t\t\t<div class=\"elementor-element elementor-element-622387e elementor-position-inline-start elementor-view-default elementor-mobile-position-block-start elementor-widget elementor-widget-icon-box\" data-id=\"622387e\" data-element_type=\"widget\" data-e-type=\"widget\" data-widget_type=\"icon-box.default\">\n\t\t\t\t<div class=\"elementor-widget-container\">\n\t\t\t\t\t\t\t<div class=\"elementor-icon-box-wrapper\">\n\n\t\t\t\t\t\t<div class=\"elementor-icon-box-icon\">\n\t\t\t\t<span  class=\"elementor-icon\">\n\t\t\t\t<svg xmlns=\"http:\/\/www.w3.org\/2000\/svg\" viewBox=\"0 0 512 512\" width=\"512\" height=\"512\"><g id=\"outline\"><path d=\"M462,112H98a34.038,34.038,0,0,0-34,34V256H24a8,8,0,0,0,0,16H64v48H48a8,8,0,0,0,0,16H64v30a34.038,34.038,0,0,0,34,34H462a34.038,34.038,0,0,0,34-34V146A34.038,34.038,0,0,0,462,112ZM98,128H462a18,18,0,0,1,3.7.387L296.794,271.31a25.923,25.923,0,0,1-33.588,0L94.3,128.387A17.993,17.993,0,0,1,98,128ZM80,366V336H96a8,8,0,0,0,0-16H80V304h24a8,8,0,0,0,0-16H80V272h32a8,8,0,0,0,0-16H80V146a17.85,17.85,0,0,1,1.684-7.552,8.046,8.046,0,0,0,1.148,1.2l152.51,129.047L81.549,373.273A17.869,17.869,0,0,1,80,366Zm382,18H98a18.005,18.005,0,0,1-3.306-.318L248.02,279.42l4.85,4.1a41.878,41.878,0,0,0,54.26,0l4.85-4.1L465.306,383.682A18.014,18.014,0,0,1,462,384Zm18-18a17.869,17.869,0,0,1-1.549,7.273L324.658,268.693,478.394,138.609A17.856,17.856,0,0,1,480,146Z\"><\/path><path d=\"M48,304a8,8,0,0,0,0-16H32a8,8,0,0,0,0,16Z\"><\/path><\/g><\/svg>\t\t\t\t<\/span>\n\t\t\t<\/div>\n\t\t\t\n\t\t\t\t\t\t<div class=\"elementor-icon-box-content\">\n\n\t\t\t\t\t\t\t\t\t<h3 class=\"elementor-icon-box-title\">\n\t\t\t\t\t\t<span  >\n\t\t\t\t\t\t\tEmail\t\t\t\t\t\t<\/span>\n\t\t\t\t\t<\/h3>\n\t\t\t\t\n\t\t\t\t\t\t\t\t\t<p class=\"elementor-icon-box-description\">\n\t\t\t\t\t\tcontact@perlesdeseldelacassal.fr\t\t\t\t\t<\/p>\n\t\t\t\t\n\t\t\t<\/div>\n\t\t\t\n\t\t<\/div>\n\t\t\t\t\t\t<\/div>\n\t\t\t\t<\/div>\n\t\t\t\t\t<\/div>\n\t\t<\/div>\n\t\t\t\t\t<\/div>\n\t\t<\/section>\n\t\t\t\t<\/div>\n\t\t","protected":false},"excerpt":{"rendered":"<p>Des questions ? Besoin d\u2019informations, de conseils, une question, alors contactez-nous. Veuillez activer JavaScript dans votre navigateur pour remplir ce formulaire.Vos pr\u00e9nom et nom (requis) *Pr\u00e9nomNomVotre email (requis) *Votre t\u00e9l\u00e9phone (requis)Objet du message *Votre message *J&#039;accepte les RGPD et je coche les cases ci-dessous : * J&rsquo;accepte que mon adresse email soit stock\u00e9e pour apporter [&hellip;]<\/p>\n","protected":false},"author":2,"featured_media":0,"parent":0,"menu_order":0,"comment_status":"closed","ping_status":"closed","template":"","meta":{"ocean_post_layout":"full-screen","ocean_both_sidebars_style":"","ocean_both_sidebars_content_width":0,"ocean_both_sidebars_sidebars_width":0,"ocean_sidebar":"0","ocean_second_sidebar":"0","ocean_disable_margins":"on","ocean_add_body_class":"","ocean_shortcode_before_top_bar":"","ocean_shortcode_after_top_bar":"","ocean_shortcode_before_header":"","ocean_shortcode_after_header":"","ocean_has_shortcode":"","ocean_shortcode_after_title":"","ocean_shortcode_before_footer_widgets":"","ocean_shortcode_after_footer_widgets":"","ocean_shortcode_before_footer_bottom":"","ocean_shortcode_after_footer_bottom":"","ocean_display_top_bar":"default","ocean_display_header":"default","ocean_header_style":"","ocean_center_header_left_menu":"0","ocean_custom_header_template":"0","ocean_custom_logo":0,"ocean_custom_retina_logo":0,"ocean_custom_logo_max_width":0,"ocean_custom_logo_tablet_max_width":0,"ocean_custom_logo_mobile_max_width":0,"ocean_custom_logo_max_height":0,"ocean_custom_logo_tablet_max_height":0,"ocean_custom_logo_mobile_max_height":0,"ocean_header_custom_menu":"0","ocean_menu_typo_font_family":"0","ocean_menu_typo_font_subset":"","ocean_menu_typo_font_size":0,"ocean_menu_typo_font_size_tablet":0,"ocean_menu_typo_font_size_mobile":0,"ocean_menu_typo_font_size_unit":"px","ocean_menu_typo_font_weight":"","ocean_menu_typo_font_weight_tablet":"","ocean_menu_typo_font_weight_mobile":"","ocean_menu_typo_transform":"","ocean_menu_typo_transform_tablet":"","ocean_menu_typo_transform_mobile":"","ocean_menu_typo_line_height":0,"ocean_menu_typo_line_height_tablet":0,"ocean_menu_typo_line_height_mobile":0,"ocean_menu_typo_line_height_unit":"","ocean_menu_typo_spacing":0,"ocean_menu_typo_spacing_tablet":0,"ocean_menu_typo_spacing_mobile":0,"ocean_menu_typo_spacing_unit":"","ocean_menu_link_color":"","ocean_menu_link_color_hover":"","ocean_menu_link_color_active":"","ocean_menu_link_background":"","ocean_menu_link_hover_background":"","ocean_menu_link_active_background":"","ocean_menu_social_links_bg":"","ocean_menu_social_hover_links_bg":"","ocean_menu_social_links_color":"","ocean_menu_social_hover_links_color":"","ocean_disable_title":"on","ocean_disable_heading":"default","ocean_post_title":"","ocean_post_subheading":"","ocean_post_title_style":"","ocean_post_title_background_color":"","ocean_post_title_background":0,"ocean_post_title_bg_image_position":"","ocean_post_title_bg_image_attachment":"","ocean_post_title_bg_image_repeat":"","ocean_post_title_bg_image_size":"","ocean_post_title_height":400,"ocean_post_title_bg_overlay":0.5,"ocean_post_title_bg_overlay_color":"","ocean_disable_breadcrumbs":"off","ocean_breadcrumbs_color":"","ocean_breadcrumbs_separator_color":"","ocean_breadcrumbs_links_color":"","ocean_breadcrumbs_links_hover_color":"","ocean_display_footer_widgets":"default","ocean_display_footer_bottom":"default","ocean_custom_footer_template":"0","osh_disable_topbar_sticky":"default","osh_disable_header_sticky":"default","osh_sticky_header_style":"default","osh_sticky_header_effect":"","osh_custom_sticky_logo":0,"osh_custom_retina_sticky_logo":0,"osh_custom_sticky_logo_height":0,"osh_background_color":"","osh_links_color":"","osh_links_hover_color":"","osh_links_active_color":"","osh_links_bg_color":"","osh_links_hover_bg_color":"","osh_links_active_bg_color":"","osh_menu_social_links_color":"","osh_menu_social_hover_links_color":"","footnotes":""},"class_list":["post-563","page","type-page","status-publish","hentry","entry","owp-thumbs-layout-horizontal","owp-btn-big","owp-tabs-layout-vertical","has-no-thumbnails","has-product-nav"],"_links":{"self":[{"href":"https:\/\/perlesdeseldelacassal.fr\/index.php\/wp-json\/wp\/v2\/pages\/563","targetHints":{"allow":["GET"]}}],"collection":[{"href":"https:\/\/perlesdeseldelacassal.fr\/index.php\/wp-json\/wp\/v2\/pages"}],"about":[{"href":"https:\/\/perlesdeseldelacassal.fr\/index.php\/wp-json\/wp\/v2\/types\/page"}],"author":[{"embeddable":true,"href":"https:\/\/perlesdeseldelacassal.fr\/index.php\/wp-json\/wp\/v2\/users\/2"}],"replies":[{"embeddable":true,"href":"https:\/\/perlesdeseldelacassal.fr\/index.php\/wp-json\/wp\/v2\/comments?post=563"}],"version-history":[{"count":5,"href":"https:\/\/perlesdeseldelacassal.fr\/index.php\/wp-json\/wp\/v2\/pages\/563\/revisions"}],"predecessor-version":[{"id":1269,"href":"https:\/\/perlesdeseldelacassal.fr\/index.php\/wp-json\/wp\/v2\/pages\/563\/revisions\/1269"}],"wp:attachment":[{"href":"https:\/\/perlesdeseldelacassal.fr\/index.php\/wp-json\/wp\/v2\/media?parent=563"}],"curies":[{"name":"wp","href":"https:\/\/api.w.org\/{rel}","templated":true}]}}